{"id":1316,"date":"2025-04-22T11:04:32","date_gmt":"2025-04-22T09:04:32","guid":{"rendered":"https:\/\/sky-wings.eu\/mon-compte\/"},"modified":"2025-12-12T22:15:58","modified_gmt":"2025-12-12T21:15:58","slug":"my-account","status":"publish","type":"page","link":"https:\/\/sky-wings.eu\/en\/mon-compte\/","title":{"rendered":"My account"},"content":{"rendered":"<div data-elementor-type=\"wp-page\" data-elementor-id=\"1316\" class=\"elementor elementor-1316\" data-elementor-post-type=\"page\">\n\t\t\t\t<div class=\"elementor-element elementor-element-120d174 e-flex e-con-boxed e-con e-parent\" data-id=\"120d174\" data-element_type=\"container\" data-e-type=\"container\">\n\t\t\t\t\t<div class=\"e-con-inner\">\n\t\t<div class=\"elementor-element elementor-element-88c1321 e-con-full e-flex e-con e-child\" data-id=\"88c1321\" data-element_type=\"container\" data-e-type=\"container\">\n\t\t<div class=\"elementor-element elementor-element-7f3b9bc e-con-full e-flex e-con e-child\" data-id=\"7f3b9bc\" data-element_type=\"container\" data-e-type=\"container\">\n\t\t<div class=\"elementor-element elementor-element-97ddbec e-con-full e-flex e-con e-child\" data-id=\"97ddbec\" data-element_type=\"container\" data-e-type=\"container\">\n\t\t\t\t<div class=\"elementor-element elementor-element-96a12ef elementor-invisible elementor-widget elementor-widget-heading\" data-id=\"96a12ef\" data-element_type=\"widget\" data-e-type=\"widget\" data-settings=\"{&quot;_animation&quot;:&quot;fadeIn&quot;}\" data-widget_type=\"heading.default\">\n\t\t\t\t<div class=\"elementor-widget-container\">\n\t\t\t\t\t<h1 class=\"elementor-heading-title elementor-size-default\">My account<\/h1>\t\t\t\t<\/div>\n\t\t\t\t<\/div>\n\t\t\t\t<\/div>\n\t\t\t\t<\/div>\n\t\t<div class=\"elementor-element elementor-element-f0fc0fe e-con-full e-flex e-con e-child\" data-id=\"f0fc0fe\" data-element_type=\"container\" data-e-type=\"container\" data-settings=\"{&quot;background_background&quot;:&quot;classic&quot;}\">\n\t\t\t\t<div class=\"elementor-element elementor-element-8c6146d elementor-widget__width-inherit e-my-account-tabs-vertical elementor-widget elementor-widget-woocommerce-my-account\" data-id=\"8c6146d\" data-element_type=\"widget\" data-e-type=\"widget\" data-widget_type=\"woocommerce-my-account.default\">\n\t\t\t\t<div class=\"elementor-widget-container\">\n\t\t\t\t\t<div class=\"e-my-account-tab e-my-account-tab__\">\t\t\t<div class=\"woocommerce\"><div class=\"woocommerce-notices-wrapper\"><\/div><ul class=\"owp-account-links\"><li class=\"login\"><a href=\"#\" class=\"owp-account-link current\">Login<\/a><\/li><li class=\"or\">Or<\/li><li class=\"register\"><a href=\"#\" class=\"owp-account-link\">Register<\/a><\/li><\/ul>\n\n<div class=\"u-columns col2-set\" id=\"customer_login\">\n\n\t<div class=\"u-column1 col-1\">\n\n\n\t\t<h2 data-no-translation=\"\" data-trp-gettext=\"\">Login<\/h2>\n\n\t\t<form class=\"woocommerce-form woocommerce-form-login login\" method=\"post\" novalidate action=\"\">\n\n\t\t\t\n\t\t\t<p class=\"woocommerce-form-row woocommerce-form-row--wide form-row form-row-wide\">\n\t\t\t\t<label for=\"username\">Username or email address&nbsp;<span class=\"required\" aria-hidden=\"true\">*<\/span><span class=\"screen-reader-text\" data-no-translation=\"\" data-trp-gettext=\"\">Required<\/span><\/label>\n\t\t\t\t<input type=\"text\" class=\"woocommerce-Input woocommerce-Input--text input-text\" name=\"username\" id=\"username\" autocomplete=\"username\" value=\"\" required aria-required=\"true\" \/>\t\t\t<\/p>\n\t\t\t<p class=\"woocommerce-form-row woocommerce-form-row--wide form-row form-row-wide\">\n\t\t\t\t<label for=\"password\">Password&nbsp;<span class=\"required\" aria-hidden=\"true\">*<\/span><span class=\"screen-reader-text\" data-no-translation=\"\" data-trp-gettext=\"\">Required<\/span><\/label>\n\t\t\t\t<input class=\"woocommerce-Input woocommerce-Input--text input-text\" type=\"password\" name=\"password\" id=\"password\" autocomplete=\"current-password\" required aria-required=\"true\" \/>\n\t\t\t<\/p>\n\n\t\t\t\n\t\t\t<p class=\"form-row\">\n\t\t\t\t<label class=\"woocommerce-form__label woocommerce-form__label-for-checkbox woocommerce-form-login__rememberme\">\n\t\t\t\t\t<input class=\"woocommerce-form__input woocommerce-form__input-checkbox\" name=\"rememberme\" type=\"checkbox\" id=\"rememberme\" value=\"forever\" \/> <span data-no-translation=\"\" data-trp-gettext=\"\">Remember me<\/span>\n\t\t\t\t<\/label>\n\t\t\t\t<input type=\"hidden\" id=\"woocommerce-login-nonce\" name=\"woocommerce-login-nonce\" value=\"a893bf7eb5\" \/><input type=\"hidden\" name=\"_wp_http_referer\" value=\"\/en\/wp-json\/wp\/v2\/pages\/1316\" \/>\t\t\t\t<button type=\"submit\" class=\"woocommerce-button button woocommerce-form-login__submit\" name=\"login\" value=\"Log in\" data-no-translation=\"\" data-trp-gettext=\"\" data-no-translation-value=\"\">Log in<\/button>\n\t\t\t<\/p>\n\t\t\t<p class=\"woocommerce-LostPassword lost_password\">\n\t\t\t\t<a href=\"https:\/\/sky-wings.eu\/en\/mon-compte\/lost-password\/\" data-no-translation=\"\" data-trp-gettext=\"\">Lost your password?<\/a>\n\t\t\t<\/p>\n\n\t\t\t\n\t\t<input type=\"hidden\" name=\"trp-form-language\" value=\"en\"\/><\/form>\n\n\n\t<\/div>\n\n\t<div class=\"u-column2 col-2\">\n\n\t\t<h2 data-no-translation=\"\" data-trp-gettext=\"\">Register<\/h2>\n\n\t\t<form method=\"post\" class=\"woocommerce-form woocommerce-form-register register\" action=\"\"  >\n\n\t\t\t\n\t\t\t\n\t\t\t<p class=\"woocommerce-form-row woocommerce-form-row--wide form-row form-row-wide\">\n\t\t\t\t<label for=\"reg_email\">Email address&nbsp;<span class=\"required\" aria-hidden=\"true\">*<\/span><span class=\"screen-reader-text\" data-no-translation=\"\" data-trp-gettext=\"\">Required<\/span><\/label>\n\t\t\t\t<input type=\"email\" class=\"woocommerce-Input woocommerce-Input--text input-text\" name=\"email\" id=\"reg_email\" autocomplete=\"email\" value=\"\" required aria-required=\"true\" \/>\t\t\t<\/p>\n\n\t\t\t\n\t\t\t\t<p data-no-translation=\"\" data-trp-gettext=\"\">A link to set a new password will be sent to your email address.<\/p>\n\n\t\t\t\n\t\t\t<wc-order-attribution-inputs><\/wc-order-attribution-inputs><div class=\"woocommerce-privacy-policy-text\"><p>Your personal data will be used to accompany you during your visit to the website, to manage access to your account and for other purposes described in our Privacy Policy. <a href=\"https:\/\/sky-wings.eu\/en\/politique-de-confidentialite\/\" class=\"woocommerce-privacy-policy-link\" target=\"_blank\" data-no-translation=\"\" data-trp-gettext=\"\">privacy policy<\/a>.<\/p>\n<\/div>\n\t\t\t<p class=\"woocommerce-form-row form-row\">\n\t\t\t\t<input type=\"hidden\" id=\"woocommerce-register-nonce\" name=\"woocommerce-register-nonce\" value=\"95eca2a170\" \/><input type=\"hidden\" name=\"_wp_http_referer\" value=\"\/en\/wp-json\/wp\/v2\/pages\/1316\" \/>\t\t\t\t<button type=\"submit\" class=\"woocommerce-Button woocommerce-button button woocommerce-form-register__submit\" name=\"register\" value=\"Register\" data-no-translation=\"\" data-trp-gettext=\"\" data-no-translation-value=\"\">Register<\/button>\n\t\t\t<\/p>\n\n\t\t\t\n\t\t<input type=\"hidden\" name=\"trp-form-language\" value=\"en\"\/><\/form>\n\n\t<\/div>\n\n<\/div>\n\n<\/div>\t\t<\/div>\n\t\t\t\t\t\t<\/div>\n\t\t\t\t<\/div>\n\t\t\t\t<\/div>\n\t\t\t\t<\/div>\n\t\t\t\t\t<\/div>\n\t\t\t\t<\/div>\n\t\t\t\t<\/div>","protected":false},"excerpt":{"rendered":"<p>Mon compte Test D\u00e9connexion Tableau de bord Commandes T\u00e9l\u00e9chargements Adresses Moyens de paiement D\u00e9tails du compte D\u00e9connexion Bonjour Test (vous n\u2019\u00eates pas Test\u00a0? D\u00e9connexion) \u00c0 partir du tableau de bord de votre compte, vous pouvez visualiser vos commandes r\u00e9centes, g\u00e9rer vos adresses de livraison et de facturation ainsi que changer votre mot de passe et [&hellip;]<\/p>\n","protected":false},"author":16,"featured_media":4579,"parent":0,"menu_order":0,"comment_status":"closed","ping_status":"closed","template":"elementor_header_footer","meta":{"ocean_post_layout":"","ocean_both_sidebars_style":"","ocean_both_sidebars_content_width":0,"ocean_both_sidebars_sidebars_width":0,"ocean_sidebar":"","ocean_second_sidebar":"","ocean_disable_margins":"enable","ocean_add_body_class":"","ocean_shortcode_before_top_bar":"","ocean_shortcode_after_top_bar":"","ocean_shortcode_before_header":"","ocean_shortcode_after_header":"","ocean_has_shortcode":"","ocean_shortcode_after_title":"","ocean_shortcode_before_footer_widgets":"","ocean_shortcode_after_footer_widgets":"","ocean_shortcode_before_footer_bottom":"","ocean_shortcode_after_footer_bottom":"","ocean_display_top_bar":"default","ocean_display_header":"default","ocean_header_style":"","ocean_center_header_left_menu":"","ocean_custom_header_template":"","ocean_custom_logo":0,"ocean_custom_retina_logo":0,"ocean_custom_logo_max_width":0,"ocean_custom_logo_tablet_max_width":0,"ocean_custom_logo_mobile_max_width":0,"ocean_custom_logo_max_height":0,"ocean_custom_logo_tablet_max_height":0,"ocean_custom_logo_mobile_max_height":0,"ocean_header_custom_menu":"","ocean_menu_typo_font_family":"","ocean_menu_typo_font_subset":"","ocean_menu_typo_font_size":0,"ocean_menu_typo_font_size_tablet":0,"ocean_menu_typo_font_size_mobile":0,"ocean_menu_typo_font_size_unit":"px","ocean_menu_typo_font_weight":"","ocean_menu_typo_font_weight_tablet":"","ocean_menu_typo_font_weight_mobile":"","ocean_menu_typo_transform":"","ocean_menu_typo_transform_tablet":"","ocean_menu_typo_transform_mobile":"","ocean_menu_typo_line_height":0,"ocean_menu_typo_line_height_tablet":0,"ocean_menu_typo_line_height_mobile":0,"ocean_menu_typo_line_height_unit":"","ocean_menu_typo_spacing":0,"ocean_menu_typo_spacing_tablet":0,"ocean_menu_typo_spacing_mobile":0,"ocean_menu_typo_spacing_unit":"","ocean_menu_link_color":"","ocean_menu_link_color_hover":"","ocean_menu_link_color_active":"","ocean_menu_link_background":"","ocean_menu_link_hover_background":"","ocean_menu_link_active_background":"","ocean_menu_social_links_bg":"","ocean_menu_social_hover_links_bg":"","ocean_menu_social_links_color":"","ocean_menu_social_hover_links_color":"","ocean_disable_title":"default","ocean_disable_heading":"default","ocean_post_title":"","ocean_post_subheading":"","ocean_post_title_style":"","ocean_post_title_background_color":"","ocean_post_title_background":0,"ocean_post_title_bg_image_position":"","ocean_post_title_bg_image_attachment":"","ocean_post_title_bg_image_repeat":"","ocean_post_title_bg_image_size":"","ocean_post_title_height":0,"ocean_post_title_bg_overlay":0.5,"ocean_post_title_bg_overlay_color":"","ocean_disable_breadcrumbs":"default","ocean_breadcrumbs_color":"","ocean_breadcrumbs_separator_color":"","ocean_breadcrumbs_links_color":"","ocean_breadcrumbs_links_hover_color":"","ocean_display_footer_widgets":"default","ocean_display_footer_bottom":"default","ocean_custom_footer_template":"","footnotes":""},"class_list":["post-1316","page","type-page","status-publish","has-post-thumbnail","hentry","entry","has-media","owp-thumbs-layout-horizontal","owp-btn-normal","owp-tabs-layout-horizontal","has-no-thumbnails"],"yoast_head":"<!-- This site is optimized with the Yoast SEO plugin v27.4 - https:\/\/yoast.com\/product\/yoast-seo-wordpress\/ -->\n<title>Espace \u00e9l\u00e8ve | Mon compte SkyWings<\/title>\n<meta name=\"description\" content=\"Acc\u00e9dez \u00e0 votre espace \u00e9l\u00e8ve SkyWings pour g\u00e9rer votre compte et retrouver vos informations et documents de formation.\" \/>\n<meta name=\"robots\" content=\"index, follow, max-snippet:-1, max-image-preview:large, max-video-preview:-1\" \/>\n<link rel=\"canonical\" href=\"https:\/\/sky-wings.eu\/en\/my-account\/\" \/>\n<meta property=\"og:locale\" content=\"en_GB\" \/>\n<meta property=\"og:type\" content=\"article\" \/>\n<meta property=\"og:title\" content=\"Espace \u00e9l\u00e8ve | Mon compte SkyWings\" \/>\n<meta property=\"og:description\" content=\"Acc\u00e9dez \u00e0 votre espace \u00e9l\u00e8ve SkyWings pour g\u00e9rer votre compte et retrouver vos informations et documents de formation.\" \/>\n<meta property=\"og:url\" content=\"https:\/\/sky-wings.eu\/en\/my-account\/\" \/>\n<meta property=\"og:site_name\" content=\"SkyWings\" \/>\n<meta property=\"article:publisher\" content=\"https:\/\/www.facebook.com\/skywingsCCA\/\" \/>\n<meta property=\"article:modified_time\" content=\"2025-12-12T21:15:58+00:00\" \/>\n<meta property=\"og:image\" content=\"https:\/\/sky-wings.eu\/wp-content\/uploads\/2025\/09\/compte-eleve-cca-skywings.png\" \/>\n\t<meta property=\"og:image:width\" content=\"172\" \/>\n\t<meta property=\"og:image:height\" content=\"178\" \/>\n\t<meta property=\"og:image:type\" content=\"image\/png\" \/>\n<meta name=\"twitter:card\" content=\"summary_large_image\" \/>\n<meta name=\"twitter:label1\" content=\"Estimated reading time\" \/>\n\t<meta name=\"twitter:data1\" content=\"2 minutes\" \/>\n<script type=\"application\/ld+json\" class=\"yoast-schema-graph\">{\"@context\":\"https:\\\/\\\/schema.org\",\"@graph\":[{\"@type\":\"WebPage\",\"@id\":\"https:\\\/\\\/sky-wings.eu\\\/mon-compte\\\/\",\"url\":\"https:\\\/\\\/sky-wings.eu\\\/mon-compte\\\/\",\"name\":\"Espace \u00e9l\u00e8ve | Mon compte SkyWings\",\"isPartOf\":{\"@id\":\"https:\\\/\\\/sky-wings.eu\\\/#website\"},\"primaryImageOfPage\":{\"@id\":\"https:\\\/\\\/sky-wings.eu\\\/mon-compte\\\/#primaryimage\"},\"image\":{\"@id\":\"https:\\\/\\\/sky-wings.eu\\\/mon-compte\\\/#primaryimage\"},\"thumbnailUrl\":\"https:\\\/\\\/sky-wings.eu\\\/wp-content\\\/uploads\\\/2025\\\/09\\\/compte-eleve-cca-skywings.png\",\"datePublished\":\"2025-04-22T09:04:32+00:00\",\"dateModified\":\"2025-12-12T21:15:58+00:00\",\"description\":\"Acc\u00e9dez \u00e0 votre espace \u00e9l\u00e8ve SkyWings pour g\u00e9rer votre compte et retrouver vos informations et documents de formation.\",\"breadcrumb\":{\"@id\":\"https:\\\/\\\/sky-wings.eu\\\/mon-compte\\\/#breadcrumb\"},\"inLanguage\":\"en-GB\",\"potentialAction\":[{\"@type\":\"ReadAction\",\"target\":[\"https:\\\/\\\/sky-wings.eu\\\/mon-compte\\\/\"]}]},{\"@type\":\"ImageObject\",\"inLanguage\":\"en-GB\",\"@id\":\"https:\\\/\\\/sky-wings.eu\\\/mon-compte\\\/#primaryimage\",\"url\":\"https:\\\/\\\/sky-wings.eu\\\/wp-content\\\/uploads\\\/2025\\\/09\\\/compte-eleve-cca-skywings.png\",\"contentUrl\":\"https:\\\/\\\/sky-wings.eu\\\/wp-content\\\/uploads\\\/2025\\\/09\\\/compte-eleve-cca-skywings.png\",\"width\":172,\"height\":178},{\"@type\":\"BreadcrumbList\",\"@id\":\"https:\\\/\\\/sky-wings.eu\\\/mon-compte\\\/#breadcrumb\",\"itemListElement\":[{\"@type\":\"ListItem\",\"position\":1,\"name\":\"Accueil\",\"item\":\"https:\\\/\\\/sky-wings.eu\\\/\"},{\"@type\":\"ListItem\",\"position\":2,\"name\":\"Mon compte\"}]},{\"@type\":\"WebSite\",\"@id\":\"https:\\\/\\\/sky-wings.eu\\\/#website\",\"url\":\"https:\\\/\\\/sky-wings.eu\\\/\",\"name\":\"SkyWings\",\"description\":\"Devenez H\u00f4tesse de l&#039;air &amp; Steward en passant votre CCA\",\"publisher\":{\"@id\":\"https:\\\/\\\/sky-wings.eu\\\/#organization\"},\"potentialAction\":[{\"@type\":\"SearchAction\",\"target\":{\"@type\":\"EntryPoint\",\"urlTemplate\":\"https:\\\/\\\/sky-wings.eu\\\/?s={search_term_string}\"},\"query-input\":{\"@type\":\"PropertyValueSpecification\",\"valueRequired\":true,\"valueName\":\"search_term_string\"}}],\"inLanguage\":\"en-GB\"},{\"@type\":\"Organization\",\"@id\":\"https:\\\/\\\/sky-wings.eu\\\/#organization\",\"name\":\"SkyWings\",\"url\":\"https:\\\/\\\/sky-wings.eu\\\/\",\"logo\":{\"@type\":\"ImageObject\",\"inLanguage\":\"en-GB\",\"@id\":\"https:\\\/\\\/sky-wings.eu\\\/#\\\/schema\\\/logo\\\/image\\\/\",\"url\":\"https:\\\/\\\/sky-wings.eu\\\/wp-content\\\/uploads\\\/2025\\\/06\\\/Frame-81.png\",\"contentUrl\":\"https:\\\/\\\/sky-wings.eu\\\/wp-content\\\/uploads\\\/2025\\\/06\\\/Frame-81.png\",\"width\":1337,\"height\":293,\"caption\":\"SkyWings\"},\"image\":{\"@id\":\"https:\\\/\\\/sky-wings.eu\\\/#\\\/schema\\\/logo\\\/image\\\/\"},\"sameAs\":[\"https:\\\/\\\/www.facebook.com\\\/skywingsCCA\\\/\",\"https:\\\/\\\/www.instagram.com\\\/skywings_cca\\\/\"]}]}<\/script>\n<!-- \/ Yoast SEO plugin. -->","yoast_head_json":{"title":"Student area | My SkyWings account","description":"Access your SkyWings student area to manage your account and retrieve your information and training documents.","robots":{"index":"index","follow":"follow","max-snippet":"max-snippet:-1","max-image-preview":"max-image-preview:large","max-video-preview":"max-video-preview:-1"},"canonical":"https:\/\/sky-wings.eu\/en\/my-account\/","og_locale":"en_GB","og_type":"article","og_title":"Espace \u00e9l\u00e8ve | Mon compte SkyWings","og_description":"Acc\u00e9dez \u00e0 votre espace \u00e9l\u00e8ve SkyWings pour g\u00e9rer votre compte et retrouver vos informations et documents de formation.","og_url":"https:\/\/sky-wings.eu\/en\/my-account\/","og_site_name":"SkyWings","article_publisher":"https:\/\/www.facebook.com\/skywingsCCA\/","article_modified_time":"2025-12-12T21:15:58+00:00","og_image":[{"width":172,"height":178,"url":"https:\/\/sky-wings.eu\/wp-content\/uploads\/2025\/09\/compte-eleve-cca-skywings.png","type":"image\/png"}],"twitter_card":"summary_large_image","twitter_misc":{"Estimated reading time":"2 minutes"},"schema":{"@context":"https:\/\/schema.org","@graph":[{"@type":"WebPage","@id":"https:\/\/sky-wings.eu\/mon-compte\/","url":"https:\/\/sky-wings.eu\/mon-compte\/","name":"Student area | My SkyWings account","isPartOf":{"@id":"https:\/\/sky-wings.eu\/#website"},"primaryImageOfPage":{"@id":"https:\/\/sky-wings.eu\/mon-compte\/#primaryimage"},"image":{"@id":"https:\/\/sky-wings.eu\/mon-compte\/#primaryimage"},"thumbnailUrl":"https:\/\/sky-wings.eu\/wp-content\/uploads\/2025\/09\/compte-eleve-cca-skywings.png","datePublished":"2025-04-22T09:04:32+00:00","dateModified":"2025-12-12T21:15:58+00:00","description":"Access your SkyWings student area to manage your account and retrieve your information and training documents.","breadcrumb":{"@id":"https:\/\/sky-wings.eu\/mon-compte\/#breadcrumb"},"inLanguage":"en-GB","potentialAction":[{"@type":"ReadAction","target":["https:\/\/sky-wings.eu\/mon-compte\/"]}]},{"@type":"ImageObject","inLanguage":"en-GB","@id":"https:\/\/sky-wings.eu\/mon-compte\/#primaryimage","url":"https:\/\/sky-wings.eu\/wp-content\/uploads\/2025\/09\/compte-eleve-cca-skywings.png","contentUrl":"https:\/\/sky-wings.eu\/wp-content\/uploads\/2025\/09\/compte-eleve-cca-skywings.png","width":172,"height":178},{"@type":"BreadcrumbList","@id":"https:\/\/sky-wings.eu\/mon-compte\/#breadcrumb","itemListElement":[{"@type":"ListItem","position":1,"name":"Accueil","item":"https:\/\/sky-wings.eu\/"},{"@type":"ListItem","position":2,"name":"Mon compte"}]},{"@type":"WebSite","@id":"https:\/\/sky-wings.eu\/#website","url":"https:\/\/sky-wings.eu\/","name":"SkyWings","description":"Pass your CCA to become a flight attendant","publisher":{"@id":"https:\/\/sky-wings.eu\/#organization"},"potentialAction":[{"@type":"SearchAction","target":{"@type":"EntryPoint","urlTemplate":"https:\/\/sky-wings.eu\/?s={search_term_string}"},"query-input":{"@type":"PropertyValueSpecification","valueRequired":true,"valueName":"search_term_string"}}],"inLanguage":"en-GB"},{"@type":"Organization","@id":"https:\/\/sky-wings.eu\/#organization","name":"SkyWings","url":"https:\/\/sky-wings.eu\/","logo":{"@type":"ImageObject","inLanguage":"en-GB","@id":"https:\/\/sky-wings.eu\/#\/schema\/logo\/image\/","url":"https:\/\/sky-wings.eu\/wp-content\/uploads\/2025\/06\/Frame-81.png","contentUrl":"https:\/\/sky-wings.eu\/wp-content\/uploads\/2025\/06\/Frame-81.png","width":1337,"height":293,"caption":"SkyWings"},"image":{"@id":"https:\/\/sky-wings.eu\/#\/schema\/logo\/image\/"},"sameAs":["https:\/\/www.facebook.com\/skywingsCCA\/","https:\/\/www.instagram.com\/skywings_cca\/"]}]}},"_links":{"self":[{"href":"https:\/\/sky-wings.eu\/en\/wp-json\/wp\/v2\/pages\/1316","targetHints":{"allow":["GET"]}}],"collection":[{"href":"https:\/\/sky-wings.eu\/en\/wp-json\/wp\/v2\/pages"}],"about":[{"href":"https:\/\/sky-wings.eu\/en\/wp-json\/wp\/v2\/types\/page"}],"author":[{"embeddable":true,"href":"https:\/\/sky-wings.eu\/en\/wp-json\/wp\/v2\/users\/16"}],"replies":[{"embeddable":true,"href":"https:\/\/sky-wings.eu\/en\/wp-json\/wp\/v2\/comments?post=1316"}],"version-history":[{"count":16,"href":"https:\/\/sky-wings.eu\/en\/wp-json\/wp\/v2\/pages\/1316\/revisions"}],"predecessor-version":[{"id":6402,"href":"https:\/\/sky-wings.eu\/en\/wp-json\/wp\/v2\/pages\/1316\/revisions\/6402"}],"wp:featuredmedia":[{"embeddable":true,"href":"https:\/\/sky-wings.eu\/en\/wp-json\/wp\/v2\/media\/4579"}],"wp:attachment":[{"href":"https:\/\/sky-wings.eu\/en\/wp-json\/wp\/v2\/media?parent=1316"}],"curies":[{"name":"wp","href":"https:\/\/api.w.org\/{rel}","templated":true}]}}